{"id":5610,"date":"2021-11-03T17:05:41","date_gmt":"2021-11-03T17:05:41","guid":{"rendered":"https:\/\/maisonwest.es\/tcwp\/?page_id=5610"},"modified":"2025-01-31T00:41:26","modified_gmt":"2025-01-30T23:41:26","slug":"quienes-somos","status":"publish","type":"page","link":"https:\/\/maisonwest.es\/index.php\/quienes-somos\/","title":{"rendered":"\u00bfQui\u00e9nes somos?"},"content":{"rendered":"\t\t<div data-elementor-type=\"wp-page\" data-elementor-id=\"5610\" class=\"elementor elementor-5610\">\n\t\t\t\t\t\t<section class=\"elementor-section elementor-top-section elementor-element elementor-element-e7c80a9 elementor-section-boxed elementor-section-height-default elementor-section-height-default\" data-id=\"e7c80a9\" data-element_type=\"section\">\n\t\t\t\t\t\t<div class=\"elementor-container elementor-column-gap-default\">\n\t\t\t\t\t<div class=\"elementor-column elementor-col-100 elementor-top-column elementor-element elementor-element-df331bf ot-flex-column-vertical\" data-id=\"df331bf\" data-element_type=\"column\">\n\t\t\t<div class=\"elementor-widget-wrap elementor-element-populated\">\n\t\t\t\t\t\t<div class=\"elementor-element elementor-element-7466669 elementor-widget elementor-widget-spacer\" data-id=\"7466669\" data-element_type=\"widget\" data-widget_type=\"spacer.default\">\n\t\t\t\t<div class=\"elementor-widget-container\">\n\t\t\t\t\t\t\t<div class=\"elementor-spacer\">\n\t\t\t<div class=\"elementor-spacer-inner\"><\/div>\n\t\t<\/div>\n\t\t\t\t\t\t<\/div>\n\t\t\t\t<\/div>\n\t\t\t\t<div class=\"elementor-element elementor-element-3ed14f2 elementor-widget elementor-widget-heading\" data-id=\"3ed14f2\" data-element_type=\"widget\" data-widget_type=\"heading.default\">\n\t\t\t\t<div class=\"elementor-widget-container\">\n\t\t\t\t\t<h1 class=\"elementor-heading-title elementor-size-large\">\u00bfQui\u00e9nes somos?<\/h1>\t\t\t\t<\/div>\n\t\t\t\t<\/div>\n\t\t\t\t<div class=\"elementor-element elementor-element-b3c14b2 elementor-widget elementor-widget-text-editor\" data-id=\"b3c14b2\" data-element_type=\"widget\" data-widget_type=\"text-editor.default\">\n\t\t\t\t<div class=\"elementor-widget-container\">\n\t\t\t\t\t\t\t\t\t<section class=\"elementor-section elementor-top-section elementor-element elementor-element-3eabfa6 elementor-section-boxed elementor-section-height-default elementor-section-height-default\" data-id=\"3eabfa6\" data-element_type=\"section\"><div class=\"elementor-container elementor-column-gap-default\"><div class=\"elementor-column elementor-col-100 elementor-top-column elementor-element elementor-element-5fcda7c ot-flex-column-vertical\" data-id=\"5fcda7c\" data-element_type=\"column\"><div class=\"elementor-widget-wrap elementor-element-populated\"><div class=\"elementor-element elementor-element-6540e20 elementor-widget elementor-widget-text-editor\" data-id=\"6540e20\" data-element_type=\"widget\" data-widget_type=\"text-editor.default\"><div class=\"elementor-widget-container\"><p style=\"text-align: center;\">Somos un quipo de profesionales que ayudan al cliente a entender los mercados en los que vamos a operar.<\/p><\/div><\/div><\/div><\/div><\/div><\/section>\t\t\t\t\t\t\t\t<\/div>\n\t\t\t\t<\/div>\n\t\t\t\t\t<\/div>\n\t\t<\/div>\n\t\t\t\t\t<\/div>\n\t\t<\/section>\n\t\t\t\t<section class=\"elementor-section elementor-top-section elementor-element elementor-element-a301746 elementor-section-boxed elementor-section-height-default elementor-section-height-default\" data-id=\"a301746\" data-element_type=\"section\">\n\t\t\t\t\t\t<div class=\"elementor-container elementor-column-gap-default\">\n\t\t\t\t\t<div class=\"elementor-column elementor-col-33 elementor-top-column elementor-element elementor-element-080293c ot-flex-column-vertical\" data-id=\"080293c\" data-element_type=\"column\">\n\t\t\t<div class=\"elementor-widget-wrap elementor-element-populated\">\n\t\t\t\t\t\t<div class=\"elementor-element elementor-element-c8dec89 elementor-widget elementor-widget-image\" data-id=\"c8dec89\" data-element_type=\"widget\" data-widget_type=\"image.default\">\n\t\t\t\t<div class=\"elementor-widget-container\">\n\t\t\t\t\t\t\t\t\t\t\t\t\t\t\t<img decoding=\"async\" width=\"150\" height=\"150\" src=\"https:\/\/maisonwest.es\/wp-content\/uploads\/2024\/04\/Rocio-Urgiles-150x150.jpeg\" class=\"attachment-thumbnail size-thumbnail wp-image-6164\" alt=\"\" srcset=\"https:\/\/maisonwest.es\/wp-content\/uploads\/2024\/04\/Rocio-Urgiles-150x150.jpeg 150w, https:\/\/maisonwest.es\/wp-content\/uploads\/2024\/04\/Rocio-Urgiles.jpeg 300w\" sizes=\"(max-width: 150px) 100vw, 150px\" \/>\t\t\t\t\t\t\t\t\t\t\t\t\t\t\t<\/div>\n\t\t\t\t<\/div>\n\t\t\t\t<div class=\"elementor-element elementor-element-15867ff elementor-widget elementor-widget-text-editor\" data-id=\"15867ff\" data-element_type=\"widget\" data-widget_type=\"text-editor.default\">\n\t\t\t\t<div class=\"elementor-widget-container\">\n\t\t\t\t\t\t\t\t\t<p style=\"text-align: center;\"><strong>Rocio Urgil\u00e9s CEO<\/strong>\u00a0<br \/>\u00c1rea Inversi\u00f3n Nacional-Internacional.<\/p>\t\t\t\t\t\t\t\t<\/div>\n\t\t\t\t<\/div>\n\t\t\t\t\t<\/div>\n\t\t<\/div>\n\t\t\t\t<div class=\"elementor-column elementor-col-33 elementor-top-column elementor-element elementor-element-065bb55 ot-flex-column-vertical\" data-id=\"065bb55\" data-element_type=\"column\">\n\t\t\t<div class=\"elementor-widget-wrap elementor-element-populated\">\n\t\t\t\t\t\t<div class=\"elementor-element elementor-element-3854649 elementor-widget elementor-widget-image\" data-id=\"3854649\" data-element_type=\"widget\" data-widget_type=\"image.default\">\n\t\t\t\t<div class=\"elementor-widget-container\">\n\t\t\t\t\t\t\t\t\t\t\t\t\t\t\t<img decoding=\"async\" width=\"150\" height=\"150\" src=\"https:\/\/maisonwest.es\/wp-content\/uploads\/2024\/04\/fernanda-urgiles1-e1714668504241-150x150.jpg\" class=\"attachment-thumbnail size-thumbnail wp-image-6165\" alt=\"fernanda-urgiles1\" srcset=\"https:\/\/maisonwest.es\/wp-content\/uploads\/2024\/04\/fernanda-urgiles1-e1714668504241-150x150.jpg 150w, https:\/\/maisonwest.es\/wp-content\/uploads\/2024\/04\/fernanda-urgiles1-e1714668504241-300x300.jpg 300w, https:\/\/maisonwest.es\/wp-content\/uploads\/2024\/04\/fernanda-urgiles1-e1714668504241-1024x1024.jpg 1024w, https:\/\/maisonwest.es\/wp-content\/uploads\/2024\/04\/fernanda-urgiles1-e1714668504241-768x768.jpg 768w, https:\/\/maisonwest.es\/wp-content\/uploads\/2024\/04\/fernanda-urgiles1-e1714668504241-600x600.jpg 600w, https:\/\/maisonwest.es\/wp-content\/uploads\/2024\/04\/fernanda-urgiles1-e1714668504241.jpg 1138w\" sizes=\"(max-width: 150px) 100vw, 150px\" \/>\t\t\t\t\t\t\t\t\t\t\t\t\t\t\t<\/div>\n\t\t\t\t<\/div>\n\t\t\t\t<div class=\"elementor-element elementor-element-0855fe6 elementor-widget elementor-widget-text-editor\" data-id=\"0855fe6\" data-element_type=\"widget\" data-widget_type=\"text-editor.default\">\n\t\t\t\t<div class=\"elementor-widget-container\">\n\t\t\t\t\t\t\t\t\t<p style=\"text-align: center;\"><strong>Fernanda Urgil\u00e9s. CFO<br \/><\/strong>\u00a0\u00c1rea Fiscal-Financiera<\/p>\t\t\t\t\t\t\t\t<\/div>\n\t\t\t\t<\/div>\n\t\t\t\t\t<\/div>\n\t\t<\/div>\n\t\t\t\t<div class=\"elementor-column elementor-col-33 elementor-top-column elementor-element elementor-element-80497d1 ot-flex-column-vertical\" data-id=\"80497d1\" data-element_type=\"column\">\n\t\t\t<div class=\"elementor-widget-wrap elementor-element-populated\">\n\t\t\t\t\t\t<div class=\"elementor-element elementor-element-daf64f4 elementor-widget elementor-widget-image\" data-id=\"daf64f4\" data-element_type=\"widget\" data-widget_type=\"image.default\">\n\t\t\t\t<div class=\"elementor-widget-container\">\n\t\t\t\t\t\t\t\t\t\t\t\t\t\t\t<img decoding=\"async\" width=\"150\" height=\"150\" src=\"https:\/\/maisonwest.es\/wp-content\/uploads\/2024\/04\/carlos-espada.jpeg\" class=\"attachment-thumbnail size-thumbnail wp-image-6138\" alt=\"\" \/>\t\t\t\t\t\t\t\t\t\t\t\t\t\t\t<\/div>\n\t\t\t\t<\/div>\n\t\t\t\t<div class=\"elementor-element elementor-element-0c37aa2 elementor-widget elementor-widget-text-editor\" data-id=\"0c37aa2\" data-element_type=\"widget\" data-widget_type=\"text-editor.default\">\n\t\t\t\t<div class=\"elementor-widget-container\">\n\t\t\t\t\t\t\t\t\t<p style=\"text-align: center;\"><strong>Carlos Espada.<\/strong>\u00a0<b>Abogado<br \/><\/b>\u00c1rea Jur\u00eddica.<\/p>\t\t\t\t\t\t\t\t<\/div>\n\t\t\t\t<\/div>\n\t\t\t\t\t<\/div>\n\t\t<\/div>\n\t\t\t\t\t<\/div>\n\t\t<\/section>\n\t\t\t\t<section class=\"elementor-section elementor-top-section elementor-element elementor-element-a9e7e19 elementor-section-boxed elementor-section-height-default elementor-section-height-default\" data-id=\"a9e7e19\" data-element_type=\"section\">\n\t\t\t\t\t\t<div class=\"elementor-container elementor-column-gap-default\">\n\t\t\t\t\t<div class=\"elementor-column elementor-col-33 elementor-top-column elementor-element elementor-element-85064a0 ot-flex-column-vertical\" data-id=\"85064a0\" data-element_type=\"column\">\n\t\t\t<div class=\"elementor-widget-wrap elementor-element-populated\">\n\t\t\t\t\t\t<div class=\"elementor-element elementor-element-6ebb6d8 elementor-widget elementor-widget-image\" data-id=\"6ebb6d8\" data-element_type=\"widget\" data-widget_type=\"image.default\">\n\t\t\t\t<div class=\"elementor-widget-container\">\n\t\t\t\t\t\t\t\t\t\t\t\t\t\t\t<img loading=\"lazy\" decoding=\"async\" width=\"150\" height=\"150\" src=\"https:\/\/maisonwest.es\/wp-content\/uploads\/2024\/04\/Andrea-Barrera-Urgiles-e1714668438934-150x150.jpg\" class=\"attachment-thumbnail size-thumbnail wp-image-6137\" alt=\"Andrea Barrera Urgiles\" srcset=\"https:\/\/maisonwest.es\/wp-content\/uploads\/2024\/04\/Andrea-Barrera-Urgiles-e1714668438934-150x150.jpg 150w, https:\/\/maisonwest.es\/wp-content\/uploads\/2024\/04\/Andrea-Barrera-Urgiles-e1714668438934-300x300.jpg 300w, https:\/\/maisonwest.es\/wp-content\/uploads\/2024\/04\/Andrea-Barrera-Urgiles-e1714668438934-1024x1024.jpg 1024w, https:\/\/maisonwest.es\/wp-content\/uploads\/2024\/04\/Andrea-Barrera-Urgiles-e1714668438934-768x769.jpg 768w, https:\/\/maisonwest.es\/wp-content\/uploads\/2024\/04\/Andrea-Barrera-Urgiles-e1714668438934-600x600.jpg 600w, https:\/\/maisonwest.es\/wp-content\/uploads\/2024\/04\/Andrea-Barrera-Urgiles-e1714668438934.jpg 1152w\" sizes=\"(max-width: 150px) 100vw, 150px\" \/>\t\t\t\t\t\t\t\t\t\t\t\t\t\t\t<\/div>\n\t\t\t\t<\/div>\n\t\t\t\t<div class=\"elementor-element elementor-element-63dd6cc elementor-widget elementor-widget-text-editor\" data-id=\"63dd6cc\" data-element_type=\"widget\" data-widget_type=\"text-editor.default\">\n\t\t\t\t<div class=\"elementor-widget-container\">\n\t\t\t\t\t\t\t\t\t<p style=\"text-align: center;\"><strong>Andrea Barrera.<\/strong>\u00a0<strong>Marketing<br \/><\/strong>Community Manager.<\/p>\t\t\t\t\t\t\t\t<\/div>\n\t\t\t\t<\/div>\n\t\t\t\t\t<\/div>\n\t\t<\/div>\n\t\t\t\t<div class=\"elementor-column elementor-col-33 elementor-top-column elementor-element elementor-element-ce8415f ot-flex-column-vertical\" data-id=\"ce8415f\" data-element_type=\"column\">\n\t\t\t<div class=\"elementor-widget-wrap elementor-element-populated\">\n\t\t\t\t\t\t<div class=\"elementor-element elementor-element-60f10af elementor-widget elementor-widget-image\" data-id=\"60f10af\" data-element_type=\"widget\" data-widget_type=\"image.default\">\n\t\t\t\t<div class=\"elementor-widget-container\">\n\t\t\t\t\t\t\t\t\t\t\t\t\t\t\t<img loading=\"lazy\" decoding=\"async\" width=\"150\" height=\"150\" src=\"https:\/\/maisonwest.es\/wp-content\/uploads\/2021\/11\/Veronica-Cabezas-150x150.jpeg\" class=\"attachment-thumbnail size-thumbnail wp-image-5939\" alt=\"\" srcset=\"https:\/\/maisonwest.es\/wp-content\/uploads\/2021\/11\/Veronica-Cabezas-150x150.jpeg 150w, https:\/\/maisonwest.es\/wp-content\/uploads\/2021\/11\/Veronica-Cabezas-600x600.jpeg 600w\" sizes=\"(max-width: 150px) 100vw, 150px\" \/>\t\t\t\t\t\t\t\t\t\t\t\t\t\t\t<\/div>\n\t\t\t\t<\/div>\n\t\t\t\t<div class=\"elementor-element elementor-element-ad3d3ef elementor-widget elementor-widget-text-editor\" data-id=\"ad3d3ef\" data-element_type=\"widget\" data-widget_type=\"text-editor.default\">\n\t\t\t\t<div class=\"elementor-widget-container\">\n\t\t\t\t\t\t\t\t\t<p style=\"text-align: center;\"><strong>Ver\u00f3nica Cabezas.<\/strong>\u00a0<strong>Marketing<br \/><\/strong>Marketing digital<\/p>\t\t\t\t\t\t\t\t<\/div>\n\t\t\t\t<\/div>\n\t\t\t\t\t<\/div>\n\t\t<\/div>\n\t\t\t\t<div class=\"elementor-column elementor-col-33 elementor-top-column elementor-element elementor-element-02995ea ot-flex-column-vertical\" data-id=\"02995ea\" data-element_type=\"column\">\n\t\t\t<div class=\"elementor-widget-wrap elementor-element-populated\">\n\t\t\t\t\t\t<div class=\"elementor-element elementor-element-42b73dc elementor-widget elementor-widget-image\" data-id=\"42b73dc\" data-element_type=\"widget\" data-widget_type=\"image.default\">\n\t\t\t\t<div class=\"elementor-widget-container\">\n\t\t\t\t\t\t\t\t\t\t\t\t\t\t\t<img loading=\"lazy\" decoding=\"async\" width=\"150\" height=\"150\" src=\"https:\/\/maisonwest.es\/wp-content\/uploads\/2024\/04\/simon-urgilez-e1714668295529-150x150.jpg\" class=\"attachment-thumbnail size-thumbnail wp-image-6143\" alt=\"simon urgilez\" srcset=\"https:\/\/maisonwest.es\/wp-content\/uploads\/2024\/04\/simon-urgilez-e1714668295529-150x150.jpg 150w, https:\/\/maisonwest.es\/wp-content\/uploads\/2024\/04\/simon-urgilez-e1714668295529-300x300.jpg 300w, https:\/\/maisonwest.es\/wp-content\/uploads\/2024\/04\/simon-urgilez-e1714668295529-600x600.jpg 600w, https:\/\/maisonwest.es\/wp-content\/uploads\/2024\/04\/simon-urgilez-e1714668295529.jpg 728w\" sizes=\"(max-width: 150px) 100vw, 150px\" \/>\t\t\t\t\t\t\t\t\t\t\t\t\t\t\t<\/div>\n\t\t\t\t<\/div>\n\t\t\t\t<div class=\"elementor-element elementor-element-7424b93 elementor-widget elementor-widget-text-editor\" data-id=\"7424b93\" data-element_type=\"widget\" data-widget_type=\"text-editor.default\">\n\t\t\t\t<div class=\"elementor-widget-container\">\n\t\t\t\t\t\t\t\t\t<p style=\"text-align: center;\"><strong>Simon Urgilez.<\/strong>\u00a0<strong>CTO<\/strong><span style=\"font-weight: bold;\"><br \/><\/span>IT, comunicaciones, Ciber Inteligencia\u00a0<\/p>\t\t\t\t\t\t\t\t<\/div>\n\t\t\t\t<\/div>\n\t\t\t\t\t<\/div>\n\t\t<\/div>\n\t\t\t\t\t<\/div>\n\t\t<\/section>\n\t\t\t\t<section class=\"elementor-section elementor-top-section elementor-element elementor-element-67c00a2 elementor-section-boxed elementor-section-height-default elementor-section-height-default\" data-id=\"67c00a2\" data-element_type=\"section\">\n\t\t\t\t\t\t<div class=\"elementor-container elementor-column-gap-default\">\n\t\t\t\t\t<div class=\"elementor-column elementor-col-50 elementor-top-column elementor-element elementor-element-0f56f78 ot-flex-column-vertical\" data-id=\"0f56f78\" data-element_type=\"column\">\n\t\t\t<div class=\"elementor-widget-wrap elementor-element-populated\">\n\t\t\t\t\t\t<div class=\"elementor-element elementor-element-e830ba4 elementor-widget elementor-widget-image\" data-id=\"e830ba4\" data-element_type=\"widget\" data-widget_type=\"image.default\">\n\t\t\t\t<div class=\"elementor-widget-container\">\n\t\t\t\t\t\t\t\t\t\t\t\t\t\t\t<img loading=\"lazy\" decoding=\"async\" width=\"150\" height=\"150\" src=\"https:\/\/maisonwest.es\/wp-content\/uploads\/2024\/04\/pilar-bustamante1-e1714668656701-150x150.jpg\" class=\"attachment-thumbnail size-thumbnail wp-image-6162\" alt=\"pilar-bustamante1\" srcset=\"https:\/\/maisonwest.es\/wp-content\/uploads\/2024\/04\/pilar-bustamante1-e1714668656701-150x150.jpg 150w, https:\/\/maisonwest.es\/wp-content\/uploads\/2024\/04\/pilar-bustamante1-e1714668656701-300x300.jpg 300w, https:\/\/maisonwest.es\/wp-content\/uploads\/2024\/04\/pilar-bustamante1-e1714668656701-600x600.jpg 600w, https:\/\/maisonwest.es\/wp-content\/uploads\/2024\/04\/pilar-bustamante1-e1714668656701.jpg 652w\" sizes=\"(max-width: 150px) 100vw, 150px\" \/>\t\t\t\t\t\t\t\t\t\t\t\t\t\t\t<\/div>\n\t\t\t\t<\/div>\n\t\t\t\t<div class=\"elementor-element elementor-element-4aeaabf elementor-widget elementor-widget-text-editor\" data-id=\"4aeaabf\" data-element_type=\"widget\" data-widget_type=\"text-editor.default\">\n\t\t\t\t<div class=\"elementor-widget-container\">\n\t\t\t\t\t\t\t\t\t<p style=\"text-align: center;\"><strong>Pilar Bustamante. Supervisora<br \/><\/strong>\u00a0Operaciones inmobiliarias<\/p>\t\t\t\t\t\t\t\t<\/div>\n\t\t\t\t<\/div>\n\t\t\t\t\t<\/div>\n\t\t<\/div>\n\t\t\t\t<div class=\"elementor-column elementor-col-50 elementor-top-column elementor-element elementor-element-b85e0cd ot-flex-column-vertical\" data-id=\"b85e0cd\" data-element_type=\"column\">\n\t\t\t<div class=\"elementor-widget-wrap elementor-element-populated\">\n\t\t\t\t\t\t<div class=\"elementor-element elementor-element-6351e7c elementor-widget elementor-widget-image\" data-id=\"6351e7c\" data-element_type=\"widget\" data-widget_type=\"image.default\">\n\t\t\t\t<div class=\"elementor-widget-container\">\n\t\t\t\t\t\t\t\t\t\t\t\t\t\t\t<img loading=\"lazy\" decoding=\"async\" width=\"150\" height=\"150\" src=\"https:\/\/maisonwest.es\/wp-content\/uploads\/2024\/04\/Javier-Nieto-e1714668743269-150x150.jpg\" class=\"attachment-thumbnail size-thumbnail wp-image-6140\" alt=\"Javier Nieto\" srcset=\"https:\/\/maisonwest.es\/wp-content\/uploads\/2024\/04\/Javier-Nieto-e1714668743269-150x150.jpg 150w, https:\/\/maisonwest.es\/wp-content\/uploads\/2024\/04\/Javier-Nieto-e1714668743269-300x300.jpg 300w, https:\/\/maisonwest.es\/wp-content\/uploads\/2024\/04\/Javier-Nieto-e1714668743269.jpg 444w\" sizes=\"(max-width: 150px) 100vw, 150px\" \/>\t\t\t\t\t\t\t\t\t\t\t\t\t\t\t<\/div>\n\t\t\t\t<\/div>\n\t\t\t\t<div class=\"elementor-element elementor-element-46ce2b3 elementor-widget elementor-widget-text-editor\" data-id=\"46ce2b3\" data-element_type=\"widget\" data-widget_type=\"text-editor.default\">\n\t\t\t\t<div class=\"elementor-widget-container\">\n\t\t\t\t\t\t\t\t\t<p style=\"text-align: center;\"><strong>Javier Nieto.<\/strong>\u00a0<strong>Gerente<br \/><\/strong>Desarrollo Inmobiliario<\/p>\t\t\t\t\t\t\t\t<\/div>\n\t\t\t\t<\/div>\n\t\t\t\t\t<\/div>\n\t\t<\/div>\n\t\t\t\t\t<\/div>\n\t\t<\/section>\n\t\t\t\t<section class=\"elementor-section elementor-top-section elementor-element elementor-element-8ba0897 elementor-section-boxed elementor-section-height-default elementor-section-height-default\" data-id=\"8ba0897\" data-element_type=\"section\">\n\t\t\t\t\t\t<div class=\"elementor-container elementor-column-gap-default\">\n\t\t\t\t\t<div class=\"elementor-column elementor-col-100 elementor-top-column elementor-element elementor-element-74af666 ot-flex-column-vertical\" data-id=\"74af666\" data-element_type=\"column\">\n\t\t\t<div class=\"elementor-widget-wrap elementor-element-populated\">\n\t\t\t\t\t\t<div class=\"elementor-element elementor-element-599cfe1 elementor-widget elementor-widget-text-editor\" data-id=\"599cfe1\" data-element_type=\"widget\" data-widget_type=\"text-editor.default\">\n\t\t\t\t<div class=\"elementor-widget-container\">\n\t\t\t\t\t\t\t\t\t<div id=\"content\" class=\"site-content\">\n<div class=\"elementor elementor-5610\" data-elementor-type=\"wp-page\" data-elementor-id=\"5610\" data-elementor-settings=\"[]\">\n<div class=\"elementor-section-wrap\">\n<section class=\"elementor-section elementor-top-section elementor-element elementor-element-cf2c4e5 elementor-section-boxed elementor-section-height-default elementor-section-height-default\" data-id=\"cf2c4e5\" data-element_type=\"section\">\n<div class=\"elementor-container elementor-column-gap-default\">\n<div class=\"elementor-column elementor-col-100 elementor-top-column elementor-element elementor-element-f4f030f ot-flex-column-vertical\" data-id=\"f4f030f\" data-element_type=\"column\">\n<div class=\"elementor-widget-wrap elementor-element-populated\">\n<div class=\"elementor-element elementor-element-f9e288d elementor-widget elementor-widget-text-editor\" data-id=\"f9e288d\" data-element_type=\"widget\" data-widget_type=\"text-editor.default\">\n<div class=\"elementor-widget-container\">\n<p style=\"text-align: center;\">Contamos con un equipo de asesores externos expertos en diferentes \u00e1reas.<\/p>\n<h6 style=\"text-align: center;\">&nbsp;<strong><em>\u201cSiempre en continuo desarrollo, crecimiento y expansi\u00f3n\u201d.<\/em><\/strong><\/h6>\n<\/div>\n<\/div>\n<\/div>\n<\/div>\n<\/div>\n<\/section>\n<\/div>\n<\/div>\n<\/div>\t\t\t\t\t\t\t\t<\/div>\n\t\t\t\t<\/div>\n\t\t\t\t<div class=\"elementor-element elementor-element-c25b6be elementor-widget-divider--view-line_icon elementor-view-default elementor-widget-divider--element-align-center elementor-widget elementor-widget-divider\" data-id=\"c25b6be\" data-element_type=\"widget\" data-widget_type=\"divider.default\">\n\t\t\t\t<div class=\"elementor-widget-container\">\n\t\t\t\t\t\t\t<div class=\"elementor-divider\">\n\t\t\t<span class=\"elementor-divider-separator\">\n\t\t\t\t\t\t\t<div class=\"elementor-icon elementor-divider__element\">\n\t\t\t\t\t<i aria-hidden=\"true\" class=\"fas fa-laptop-house\"><\/i><\/div>\n\t\t\t\t\t\t<\/span>\n\t\t<\/div>\n\t\t\t\t\t\t<\/div>\n\t\t\t\t<\/div>\n\t\t\t\t\t<\/div>\n\t\t<\/div>\n\t\t\t\t\t<\/div>\n\t\t<\/section>\n\t\t\t\t<\/div>\n\t\t","protected":false},"excerpt":{"rendered":"<p>\u00bfQui\u00e9nes somos? Somos un quipo de profesionales que ayudan al cliente a entender los mercados en los que vamos a operar. Rocio Urgil\u00e9s CEO\u00a0\u00c1rea Inversi\u00f3n Nacional-Internacional. Fernanda Urgil\u00e9s. CFO\u00a0\u00c1rea Fiscal-Financiera Carlos Espada.\u00a0Abogado\u00c1rea Jur\u00eddica. Andrea Barrera.\u00a0MarketingCommunity Manager. Ver\u00f3nica Cabezas.\u00a0MarketingMarketing digital Simon Urgilez.\u00a0CTOIT, comunicaciones, Ciber Inteligencia\u00a0 Pilar Bustamante. Supervisora\u00a0Operaciones inmobiliarias Javier Nieto.\u00a0GerenteDesarrollo Inmobiliario Contamos con un equipo [&hellip;]<\/p>\n","protected":false},"author":1,"featured_media":0,"parent":0,"menu_order":0,"comment_status":"closed","ping_status":"closed","template":"","meta":{"footnotes":""},"class_list":["post-5610","page","type-page","status-publish","hentry"],"_links":{"self":[{"href":"https:\/\/maisonwest.es\/index.php\/wp-json\/wp\/v2\/pages\/5610","targetHints":{"allow":["GET"]}}],"collection":[{"href":"https:\/\/maisonwest.es\/index.php\/wp-json\/wp\/v2\/pages"}],"about":[{"href":"https:\/\/maisonwest.es\/index.php\/wp-json\/wp\/v2\/types\/page"}],"author":[{"embeddable":true,"href":"https:\/\/maisonwest.es\/index.php\/wp-json\/wp\/v2\/users\/1"}],"replies":[{"embeddable":true,"href":"https:\/\/maisonwest.es\/index.php\/wp-json\/wp\/v2\/comments?post=5610"}],"version-history":[{"count":150,"href":"https:\/\/maisonwest.es\/index.php\/wp-json\/wp\/v2\/pages\/5610\/revisions"}],"predecessor-version":[{"id":6209,"href":"https:\/\/maisonwest.es\/index.php\/wp-json\/wp\/v2\/pages\/5610\/revisions\/6209"}],"wp:attachment":[{"href":"https:\/\/maisonwest.es\/index.php\/wp-json\/wp\/v2\/media?parent=5610"}],"curies":[{"name":"wp","href":"https:\/\/api.w.org\/{rel}","templated":true}]}}