{"id":5620,"date":"2021-11-03T17:12:51","date_gmt":"2021-11-03T17:12:51","guid":{"rendered":"https:\/\/maisonwest.es\/tcwp\/?page_id=5620"},"modified":"2021-11-10T19:27:24","modified_gmt":"2021-11-10T19:27:24","slug":"activos","status":"publish","type":"page","link":"https:\/\/maisonwest.es\/index.php\/activos\/","title":{"rendered":"Activos"},"content":{"rendered":"\t\t<div data-elementor-type=\"wp-page\" data-elementor-id=\"5620\" class=\"elementor elementor-5620\">\n\t\t\t\t\t\t<section class=\"elementor-section elementor-top-section elementor-element elementor-element-e7c80a9 elementor-section-boxed elementor-section-height-default elementor-section-height-default\" data-id=\"e7c80a9\" data-element_type=\"section\">\n\t\t\t\t\t\t<div class=\"elementor-container elementor-column-gap-default\">\n\t\t\t\t\t<div class=\"elementor-column elementor-col-100 elementor-top-column elementor-element elementor-element-df331bf ot-flex-column-vertical\" data-id=\"df331bf\" data-element_type=\"column\">\n\t\t\t<div class=\"elementor-widget-wrap elementor-element-populated\">\n\t\t\t\t\t\t<div class=\"elementor-element elementor-element-7e4ef27 elementor-widget elementor-widget-spacer\" data-id=\"7e4ef27\" data-element_type=\"widget\" data-widget_type=\"spacer.default\">\n\t\t\t\t<div class=\"elementor-widget-container\">\n\t\t\t\t\t\t\t<div class=\"elementor-spacer\">\n\t\t\t<div class=\"elementor-spacer-inner\"><\/div>\n\t\t<\/div>\n\t\t\t\t\t\t<\/div>\n\t\t\t\t<\/div>\n\t\t\t\t<div class=\"elementor-element elementor-element-3ed14f2 elementor-widget elementor-widget-heading\" data-id=\"3ed14f2\" data-element_type=\"widget\" data-widget_type=\"heading.default\">\n\t\t\t\t<div class=\"elementor-widget-container\">\n\t\t\t\t\t<h1 class=\"elementor-heading-title elementor-size-large\">Activos<\/h1>\t\t\t\t<\/div>\n\t\t\t\t<\/div>\n\t\t\t\t\t<\/div>\n\t\t<\/div>\n\t\t\t\t\t<\/div>\n\t\t<\/section>\n\t\t\t\t<section class=\"elementor-section elementor-top-section elementor-element elementor-element-82e6a94 elementor-section-boxed elementor-section-height-default elementor-section-height-default\" data-id=\"82e6a94\" data-element_type=\"section\">\n\t\t\t\t\t\t<div class=\"elementor-container elementor-column-gap-default\">\n\t\t\t\t\t<div class=\"elementor-column elementor-col-100 elementor-top-column elementor-element elementor-element-9a9d134 ot-flex-column-vertical\" data-id=\"9a9d134\" data-element_type=\"column\">\n\t\t\t<div class=\"elementor-widget-wrap elementor-element-populated\">\n\t\t\t\t\t\t<div class=\"elementor-element elementor-element-78820ec elementor-widget elementor-widget-spacer\" data-id=\"78820ec\" data-element_type=\"widget\" data-widget_type=\"spacer.default\">\n\t\t\t\t<div class=\"elementor-widget-container\">\n\t\t\t\t\t\t\t<div class=\"elementor-spacer\">\n\t\t\t<div class=\"elementor-spacer-inner\"><\/div>\n\t\t<\/div>\n\t\t\t\t\t\t<\/div>\n\t\t\t\t<\/div>\n\t\t\t\t\t<\/div>\n\t\t<\/div>\n\t\t\t\t\t<\/div>\n\t\t<\/section>\n\t\t\t\t<section class=\"elementor-section elementor-top-section elementor-element elementor-element-d229aaf elementor-section-boxed elementor-section-height-default elementor-section-height-default\" data-id=\"d229aaf\" data-element_type=\"section\">\n\t\t\t\t\t\t<div class=\"elementor-container elementor-column-gap-default\">\n\t\t\t\t\t<div class=\"elementor-column elementor-col-50 elementor-top-column elementor-element elementor-element-6f119d9 ot-flex-column-vertical\" data-id=\"6f119d9\" data-element_type=\"column\">\n\t\t\t<div class=\"elementor-widget-wrap elementor-element-populated\">\n\t\t\t\t\t\t<div class=\"elementor-element elementor-element-1b1a995 elementor-widget elementor-widget-text-editor\" data-id=\"1b1a995\" data-element_type=\"widget\" data-widget_type=\"text-editor.default\">\n\t\t\t\t<div class=\"elementor-widget-container\">\n\t\t\t\t\t\t\t\t\t<h5><strong>Profesionales<\/strong><\/h5>\t\t\t\t\t\t\t\t<\/div>\n\t\t\t\t<\/div>\n\t\t\t\t<div class=\"elementor-element elementor-element-ac2832c elementor-widget elementor-widget-text-editor\" data-id=\"ac2832c\" data-element_type=\"widget\" data-widget_type=\"text-editor.default\">\n\t\t\t\t<div class=\"elementor-widget-container\">\n\t\t\t\t\t\t\t\t\t<p class=\"MsoNormal\"><span style=\"font-size: 12.0pt; line-height: 107%;\">Especializados en diversos tipos de activos inmobiliarios, con una amplia selecci\u00f3n y exclusividad, por lo que nos permite asesorar sobre el mercado actual para la toma de decisiones de las inversiones de nuestros clientes, adapt\u00e1ndonos a sus necesidades y teniendo en cuenta siempre el mercado. Realizamos toda la gesti\u00f3n y comercializaci\u00f3n de los mismos.<\/span><\/p><p class=\"MsoNormal\"><span style=\"font-size: 12.0pt; line-height: 107%;\">\u00a0<\/span><\/p>\t\t\t\t\t\t\t\t<\/div>\n\t\t\t\t<\/div>\n\t\t\t\t<div class=\"elementor-element elementor-element-9cf46a5 elementor-widget elementor-widget-button\" data-id=\"9cf46a5\" data-element_type=\"widget\" data-widget_type=\"button.default\">\n\t\t\t\t<div class=\"elementor-widget-container\">\n\t\t\t\t\t\t\t\t\t<div class=\"elementor-button-wrapper\">\n\t\t\t\t\t<a class=\"elementor-button elementor-button-link elementor-size-sm\" href=\"https:\/\/maisonwest.es\/tcwp\/index.php\/solicitudes\/\">\n\t\t\t\t\t\t<span class=\"elementor-button-content-wrapper\">\n\t\t\t\t\t\t\t\t\t<span class=\"elementor-button-text\">\u00bfQuieres saber m\u00e1s?<\/span>\n\t\t\t\t\t<\/span>\n\t\t\t\t\t<\/a>\n\t\t\t\t<\/div>\n\t\t\t\t\t\t\t\t<\/div>\n\t\t\t\t<\/div>\n\t\t\t\t\t<\/div>\n\t\t<\/div>\n\t\t\t\t<div class=\"elementor-column elementor-col-50 elementor-top-column elementor-element elementor-element-065be37 ot-flex-column-vertical\" data-id=\"065be37\" data-element_type=\"column\">\n\t\t\t<div class=\"elementor-widget-wrap elementor-element-populated\">\n\t\t\t\t\t\t<div class=\"elementor-element elementor-element-993278e elementor-widget elementor-widget-image\" data-id=\"993278e\" data-element_type=\"widget\" data-widget_type=\"image.default\">\n\t\t\t\t<div class=\"elementor-widget-container\">\n\t\t\t\t\t\t\t\t\t\t\t\t\t\t\t<img fetchpriority=\"high\" decoding=\"async\" width=\"870\" height=\"576\" src=\"https:\/\/maisonwest.es\/wp-content\/uploads\/2020\/09\/service-box5.jpg\" class=\"attachment-large size-large wp-image-906\" alt=\"\" srcset=\"https:\/\/maisonwest.es\/wp-content\/uploads\/2020\/09\/service-box5.jpg 870w, https:\/\/maisonwest.es\/wp-content\/uploads\/2020\/09\/service-box5-300x199.jpg 300w, https:\/\/maisonwest.es\/wp-content\/uploads\/2020\/09\/service-box5-768x508.jpg 768w\" sizes=\"(max-width: 870px) 100vw, 870px\" \/>\t\t\t\t\t\t\t\t\t\t\t\t\t\t\t<\/div>\n\t\t\t\t<\/div>\n\t\t\t\t\t<\/div>\n\t\t<\/div>\n\t\t\t\t\t<\/div>\n\t\t<\/section>\n\t\t\t\t<section class=\"elementor-section elementor-top-section elementor-element elementor-element-6a6c464 elementor-section-boxed elementor-section-height-default elementor-section-height-default\" data-id=\"6a6c464\" data-element_type=\"section\">\n\t\t\t\t\t\t<div class=\"elementor-container elementor-column-gap-default\">\n\t\t\t\t\t<div class=\"elementor-column elementor-col-100 elementor-top-column elementor-element elementor-element-a6ec304 ot-flex-column-vertical\" data-id=\"a6ec304\" data-element_type=\"column\">\n\t\t\t<div class=\"elementor-widget-wrap elementor-element-populated\">\n\t\t\t\t\t\t<div class=\"elementor-element elementor-element-b242d0f elementor-widget elementor-widget-spacer\" data-id=\"b242d0f\" data-element_type=\"widget\" data-widget_type=\"spacer.default\">\n\t\t\t\t<div class=\"elementor-widget-container\">\n\t\t\t\t\t\t\t<div class=\"elementor-spacer\">\n\t\t\t<div class=\"elementor-spacer-inner\"><\/div>\n\t\t<\/div>\n\t\t\t\t\t\t<\/div>\n\t\t\t\t<\/div>\n\t\t\t\t\t<\/div>\n\t\t<\/div>\n\t\t\t\t\t<\/div>\n\t\t<\/section>\n\t\t\t\t<section class=\"elementor-section elementor-top-section elementor-element elementor-element-90da4bd elementor-section-boxed elementor-section-height-default elementor-section-height-default\" data-id=\"90da4bd\" data-element_type=\"section\">\n\t\t\t\t\t\t<div class=\"elementor-container elementor-column-gap-default\">\n\t\t\t\t\t<div class=\"elementor-column elementor-col-100 elementor-top-column elementor-element elementor-element-dabcb03 ot-flex-column-vertical\" data-id=\"dabcb03\" data-element_type=\"column\">\n\t\t\t<div class=\"elementor-widget-wrap\">\n\t\t\t\t\t\t\t<\/div>\n\t\t<\/div>\n\t\t\t\t\t<\/div>\n\t\t<\/section>\n\t\t\t\t<section class=\"elementor-section elementor-top-section elementor-element elementor-element-8aa7da3 elementor-section-boxed elementor-section-height-default elementor-section-height-default\" data-id=\"8aa7da3\" data-element_type=\"section\">\n\t\t\t\t\t\t<div class=\"elementor-container elementor-column-gap-default\">\n\t\t\t\t\t<div class=\"elementor-column elementor-col-50 elementor-top-column elementor-element elementor-element-46cd177 ot-flex-column-vertical\" data-id=\"46cd177\" data-element_type=\"column\">\n\t\t\t<div class=\"elementor-widget-wrap elementor-element-populated\">\n\t\t\t\t\t\t<div class=\"elementor-element elementor-element-8b18350 elementor-widget elementor-widget-image\" data-id=\"8b18350\" data-element_type=\"widget\" data-widget_type=\"image.default\">\n\t\t\t\t<div class=\"elementor-widget-container\">\n\t\t\t\t\t\t\t\t\t\t\t\t\t\t\t<img decoding=\"async\" width=\"1024\" height=\"683\" src=\"https:\/\/maisonwest.es\/wp-content\/uploads\/2021\/11\/madrid-spain-financial-district-skyline-at-dusk-2021-08-26-18-13-14-utc-1024x683.jpg\" class=\"attachment-large size-large wp-image-5711\" alt=\"\" srcset=\"https:\/\/maisonwest.es\/wp-content\/uploads\/2021\/11\/madrid-spain-financial-district-skyline-at-dusk-2021-08-26-18-13-14-utc-1024x683.jpg 1024w, https:\/\/maisonwest.es\/wp-content\/uploads\/2021\/11\/madrid-spain-financial-district-skyline-at-dusk-2021-08-26-18-13-14-utc-300x200.jpg 300w, https:\/\/maisonwest.es\/wp-content\/uploads\/2021\/11\/madrid-spain-financial-district-skyline-at-dusk-2021-08-26-18-13-14-utc-768x513.jpg 768w, https:\/\/maisonwest.es\/wp-content\/uploads\/2021\/11\/madrid-spain-financial-district-skyline-at-dusk-2021-08-26-18-13-14-utc-1536x1025.jpg 1536w, https:\/\/maisonwest.es\/wp-content\/uploads\/2021\/11\/madrid-spain-financial-district-skyline-at-dusk-2021-08-26-18-13-14-utc-2048x1367.jpg 2048w, https:\/\/maisonwest.es\/wp-content\/uploads\/2021\/11\/madrid-spain-financial-district-skyline-at-dusk-2021-08-26-18-13-14-utc-600x400.jpg 600w\" sizes=\"(max-width: 1024px) 100vw, 1024px\" \/>\t\t\t\t\t\t\t\t\t\t\t\t\t\t\t<\/div>\n\t\t\t\t<\/div>\n\t\t\t\t\t<\/div>\n\t\t<\/div>\n\t\t\t\t<div class=\"elementor-column elementor-col-50 elementor-top-column elementor-element elementor-element-4a7a8f0 ot-flex-column-vertical\" data-id=\"4a7a8f0\" data-element_type=\"column\">\n\t\t\t<div class=\"elementor-widget-wrap elementor-element-populated\">\n\t\t\t\t\t\t<div class=\"elementor-element elementor-element-e06718d elementor-widget elementor-widget-text-editor\" data-id=\"e06718d\" data-element_type=\"widget\" data-widget_type=\"text-editor.default\">\n\t\t\t\t<div class=\"elementor-widget-container\">\n\t\t\t\t\t\t\t\t\t<section class=\"elementor-section elementor-top-section elementor-element elementor-element-ca191ea elementor-section-boxed elementor-section-height-default elementor-section-height-default\" data-id=\"ca191ea\" data-element_type=\"section\"><div class=\"elementor-container elementor-column-gap-default\"><div class=\"elementor-column elementor-col-100 elementor-top-column elementor-element elementor-element-43c16f6 ot-flex-column-vertical\" data-id=\"43c16f6\" data-element_type=\"column\"><div class=\"elementor-widget-wrap elementor-element-populated\"><div class=\"elementor-element elementor-element-2b96a54 elementor-widget elementor-widget-image\" data-id=\"2b96a54\" data-element_type=\"widget\" data-widget_type=\"image.default\"><div class=\"elementor-widget-container\"><h2 class=\"wp-caption\"><strong>\u00a0<\/strong><\/h2><h2 class=\"wp-caption\"><strong>\u201cNuestro objetivo: asesorarle ah\u00ed donde quiera invertir\u201d<\/strong><\/h2><\/div><\/div><\/div><\/div><\/div><\/section><section class=\"elementor-section elementor-top-section elementor-element elementor-element-82e6a94 elementor-section-boxed elementor-section-height-default elementor-section-height-default\" data-id=\"82e6a94\" data-element_type=\"section\"><div class=\"elementor-container elementor-column-gap-default\"><div class=\"elementor-column elementor-col-100 elementor-top-column elementor-element elementor-element-9a9d134 ot-flex-column-vertical\" data-id=\"9a9d134\" data-element_type=\"column\"><div class=\"elementor-widget-wrap elementor-element-populated\"><div class=\"elementor-element elementor-element-78820ec elementor-widget elementor-widget-spacer\" data-id=\"78820ec\" data-element_type=\"widget\" data-widget_type=\"spacer.default\"><div class=\"elementor-widget-container\"><div class=\"elementor-spacer\">\u00a0<\/div><\/div><\/div><\/div><\/div><\/div><\/section>\t\t\t\t\t\t\t\t<\/div>\n\t\t\t\t<\/div>\n\t\t\t\t<div class=\"elementor-element elementor-element-5df7998 elementor-widget-divider--view-line_icon elementor-view-default elementor-widget-divider--element-align-center elementor-widget elementor-widget-divider\" data-id=\"5df7998\" data-element_type=\"widget\" data-widget_type=\"divider.default\">\n\t\t\t\t<div class=\"elementor-widget-container\">\n\t\t\t\t\t\t\t<div class=\"elementor-divider\">\n\t\t\t<span class=\"elementor-divider-separator\">\n\t\t\t\t\t\t\t<div class=\"elementor-icon elementor-divider__element\">\n\t\t\t\t\t<i aria-hidden=\"true\" class=\"fas fa-laptop-house\"><\/i><\/div>\n\t\t\t\t\t\t<\/span>\n\t\t<\/div>\n\t\t\t\t\t\t<\/div>\n\t\t\t\t<\/div>\n\t\t\t\t\t<\/div>\n\t\t<\/div>\n\t\t\t\t\t<\/div>\n\t\t<\/section>\n\t\t\t\t<\/div>\n\t\t","protected":false},"excerpt":{"rendered":"<p>Activos Profesionales Especializados en diversos tipos de activos inmobiliarios, con una amplia selecci\u00f3n y exclusividad, por lo que nos permite asesorar sobre el mercado actual para la toma de decisiones de las inversiones de nuestros clientes, adapt\u00e1ndonos a sus necesidades y teniendo en cuenta siempre el mercado. Realizamos toda la gesti\u00f3n y comercializaci\u00f3n de los [&hellip;]<\/p>\n","protected":false},"author":1,"featured_media":0,"parent":0,"menu_order":0,"comment_status":"closed","ping_status":"closed","template":"","meta":{"footnotes":""},"class_list":["post-5620","page","type-page","status-publish","hentry"],"_links":{"self":[{"href":"https:\/\/maisonwest.es\/index.php\/wp-json\/wp\/v2\/pages\/5620","targetHints":{"allow":["GET"]}}],"collection":[{"href":"https:\/\/maisonwest.es\/index.php\/wp-json\/wp\/v2\/pages"}],"about":[{"href":"https:\/\/maisonwest.es\/index.php\/wp-json\/wp\/v2\/types\/page"}],"author":[{"embeddable":true,"href":"https:\/\/maisonwest.es\/index.php\/wp-json\/wp\/v2\/users\/1"}],"replies":[{"embeddable":true,"href":"https:\/\/maisonwest.es\/index.php\/wp-json\/wp\/v2\/comments?post=5620"}],"version-history":[{"count":37,"href":"https:\/\/maisonwest.es\/index.php\/wp-json\/wp\/v2\/pages\/5620\/revisions"}],"predecessor-version":[{"id":5983,"href":"https:\/\/maisonwest.es\/index.php\/wp-json\/wp\/v2\/pages\/5620\/revisions\/5983"}],"wp:attachment":[{"href":"https:\/\/maisonwest.es\/index.php\/wp-json\/wp\/v2\/media?parent=5620"}],"curies":[{"name":"wp","href":"https:\/\/api.w.org\/{rel}","templated":true}]}}