{"id":5649,"date":"2021-11-03T17:23:20","date_gmt":"2021-11-03T17:23:20","guid":{"rendered":"https:\/\/maisonwest.es\/tcwp\/?page_id=5649"},"modified":"2021-11-10T19:24:50","modified_gmt":"2021-11-10T19:24:50","slug":"residencial","status":"publish","type":"page","link":"https:\/\/maisonwest.es\/index.php\/residencial\/","title":{"rendered":"Residencial"},"content":{"rendered":"\t\t<div data-elementor-type=\"wp-page\" data-elementor-id=\"5649\" class=\"elementor elementor-5649\">\n\t\t\t\t\t\t<section class=\"elementor-section elementor-top-section elementor-element elementor-element-e7c80a9 elementor-section-boxed elementor-section-height-default elementor-section-height-default\" data-id=\"e7c80a9\" data-element_type=\"section\">\n\t\t\t\t\t\t<div class=\"elementor-container elementor-column-gap-default\">\n\t\t\t\t\t<div class=\"elementor-column elementor-col-100 elementor-top-column elementor-element elementor-element-df331bf ot-flex-column-vertical\" data-id=\"df331bf\" data-element_type=\"column\">\n\t\t\t<div class=\"elementor-widget-wrap elementor-element-populated\">\n\t\t\t\t\t\t<div class=\"elementor-element elementor-element-7466669 elementor-widget elementor-widget-spacer\" data-id=\"7466669\" data-element_type=\"widget\" data-widget_type=\"spacer.default\">\n\t\t\t\t<div class=\"elementor-widget-container\">\n\t\t\t\t\t\t\t<div class=\"elementor-spacer\">\n\t\t\t<div class=\"elementor-spacer-inner\"><\/div>\n\t\t<\/div>\n\t\t\t\t\t\t<\/div>\n\t\t\t\t<\/div>\n\t\t\t\t<div class=\"elementor-element elementor-element-3ed14f2 elementor-widget elementor-widget-heading\" data-id=\"3ed14f2\" data-element_type=\"widget\" data-widget_type=\"heading.default\">\n\t\t\t\t<div class=\"elementor-widget-container\">\n\t\t\t\t\t<h1 class=\"elementor-heading-title elementor-size-large\">Residencial<\/h1>\t\t\t\t<\/div>\n\t\t\t\t<\/div>\n\t\t\t\t\t<\/div>\n\t\t<\/div>\n\t\t\t\t\t<\/div>\n\t\t<\/section>\n\t\t\t\t<section class=\"elementor-section elementor-top-section elementor-element elementor-element-cd2d109 elementor-section-boxed elementor-section-height-default elementor-section-height-default\" data-id=\"cd2d109\" data-element_type=\"section\">\n\t\t\t\t\t\t<div class=\"elementor-container elementor-column-gap-default\">\n\t\t\t\t\t<div class=\"elementor-column elementor-col-100 elementor-top-column elementor-element elementor-element-b882d79 ot-flex-column-vertical\" data-id=\"b882d79\" data-element_type=\"column\">\n\t\t\t<div class=\"elementor-widget-wrap elementor-element-populated\">\n\t\t\t\t\t\t<div class=\"elementor-element elementor-element-f689530 elementor-widget elementor-widget-image\" data-id=\"f689530\" data-element_type=\"widget\" data-widget_type=\"image.default\">\n\t\t\t\t<div class=\"elementor-widget-container\">\n\t\t\t\t\t\t\t\t\t\t\t\t<figure class=\"wp-caption\">\n\t\t\t\t\t\t\t\t\t\t<img fetchpriority=\"high\" decoding=\"async\" width=\"1024\" height=\"762\" src=\"https:\/\/maisonwest.es\/wp-content\/uploads\/2021\/11\/metropolis-building-in-madrid-2021-08-26-16-59-38-utc-1024x762.jpg\" class=\"attachment-large size-large wp-image-5775\" alt=\"\" srcset=\"https:\/\/maisonwest.es\/wp-content\/uploads\/2021\/11\/metropolis-building-in-madrid-2021-08-26-16-59-38-utc-1024x762.jpg 1024w, https:\/\/maisonwest.es\/wp-content\/uploads\/2021\/11\/metropolis-building-in-madrid-2021-08-26-16-59-38-utc-300x223.jpg 300w, https:\/\/maisonwest.es\/wp-content\/uploads\/2021\/11\/metropolis-building-in-madrid-2021-08-26-16-59-38-utc-768x571.jpg 768w, https:\/\/maisonwest.es\/wp-content\/uploads\/2021\/11\/metropolis-building-in-madrid-2021-08-26-16-59-38-utc-1536x1142.jpg 1536w, https:\/\/maisonwest.es\/wp-content\/uploads\/2021\/11\/metropolis-building-in-madrid-2021-08-26-16-59-38-utc-2048x1523.jpg 2048w\" sizes=\"(max-width: 1024px) 100vw, 1024px\" \/>\t\t\t\t\t\t\t\t\t\t\t<figcaption class=\"widget-image-caption wp-caption-text\">\u201cNUESTRO OBJETIVO: VENDER AL MAYOR PRECIO, EN EL MENOR TIEMPO POSIBLE\u201d.<\/figcaption>\n\t\t\t\t\t\t\t\t\t\t<\/figure>\n\t\t\t\t\t\t\t\t\t<\/div>\n\t\t\t\t<\/div>\n\t\t\t\t\t<\/div>\n\t\t<\/div>\n\t\t\t\t\t<\/div>\n\t\t<\/section>\n\t\t\t\t<section class=\"elementor-section elementor-top-section elementor-element elementor-element-c9198a7 elementor-section-boxed elementor-section-height-default elementor-section-height-default\" data-id=\"c9198a7\" data-element_type=\"section\">\n\t\t\t\t\t\t<div class=\"elementor-container elementor-column-gap-default\">\n\t\t\t\t\t<div class=\"elementor-column elementor-col-100 elementor-top-column elementor-element elementor-element-c0b806d ot-flex-column-vertical\" data-id=\"c0b806d\" data-element_type=\"column\">\n\t\t\t<div class=\"elementor-widget-wrap elementor-element-populated\">\n\t\t\t\t\t\t<div class=\"elementor-element elementor-element-2b78284 elementor-widget elementor-widget-spacer\" data-id=\"2b78284\" data-element_type=\"widget\" data-widget_type=\"spacer.default\">\n\t\t\t\t<div class=\"elementor-widget-container\">\n\t\t\t\t\t\t\t<div class=\"elementor-spacer\">\n\t\t\t<div class=\"elementor-spacer-inner\"><\/div>\n\t\t<\/div>\n\t\t\t\t\t\t<\/div>\n\t\t\t\t<\/div>\n\t\t\t\t\t<\/div>\n\t\t<\/div>\n\t\t\t\t\t<\/div>\n\t\t<\/section>\n\t\t\t\t<section class=\"elementor-section elementor-top-section elementor-element elementor-element-d229aaf elementor-section-boxed elementor-section-height-default elementor-section-height-default\" data-id=\"d229aaf\" data-element_type=\"section\">\n\t\t\t\t\t\t<div class=\"elementor-container elementor-column-gap-default\">\n\t\t\t\t\t<div class=\"elementor-column elementor-col-50 elementor-top-column elementor-element elementor-element-6f119d9 ot-flex-column-vertical\" data-id=\"6f119d9\" data-element_type=\"column\">\n\t\t\t<div class=\"elementor-widget-wrap elementor-element-populated\">\n\t\t\t\t\t\t<div class=\"elementor-element elementor-element-ab7d733 elementor-widget elementor-widget-text-editor\" data-id=\"ab7d733\" data-element_type=\"widget\" data-widget_type=\"text-editor.default\">\n\t\t\t\t<div class=\"elementor-widget-container\">\n\t\t\t\t\t\t\t\t\t<ul><li>MAISON<strong> WEST<\/strong> ofrece a sus clientes un servicio de intermediaci\u00f3n inmobiliaria, especializado en la compraventa y arrendamiento de inmuebles ubicados en los distritos m\u00e1s representativos de Madrid.<\/li><li>Valoraci\u00f3n de su vivienda. Dise\u00f1o y estrat\u00e9gica de marketing a medida del cliente.<\/li><li>Asesor\u00eda jur\u00eddica y legal.<\/li><li>Concertamos visitas a medida.<\/li><\/ul><p style=\"text-align: justify;\">\u00a0<\/p>\t\t\t\t\t\t\t\t<\/div>\n\t\t\t\t<\/div>\n\t\t\t\t\t<\/div>\n\t\t<\/div>\n\t\t\t\t<div class=\"elementor-column elementor-col-50 elementor-top-column elementor-element elementor-element-065be37 ot-flex-column-vertical\" data-id=\"065be37\" data-element_type=\"column\">\n\t\t\t<div class=\"elementor-widget-wrap elementor-element-populated\">\n\t\t\t\t\t\t<div class=\"elementor-element elementor-element-149477f elementor-widget elementor-widget-text-editor\" data-id=\"149477f\" data-element_type=\"widget\" data-widget_type=\"text-editor.default\">\n\t\t\t\t<div class=\"elementor-widget-container\">\n\t\t\t\t\t\t\t\t\t<ul><li style=\"text-align: justify;\">El servicio es personalizado, nuestra profesionalidad, experiencia y los honorarios m\u00e1s competitivos del sector, han posicionado a\u00a0<strong>MAISON WEST<\/strong>\u00a0como una alternativa inteligente y confiable.<\/li><li style=\"text-align: justify;\">Promoci\u00f3n de su vivienda en los principales portales inmobiliarios.<\/li><li style=\"text-align: justify;\">Fotos y videos profesionales. Elaboraci\u00f3n de planos (bajo petici\u00f3n)<\/li><\/ul>\t\t\t\t\t\t\t\t<\/div>\n\t\t\t\t<\/div>\n\t\t\t\t\t<\/div>\n\t\t<\/div>\n\t\t\t\t\t<\/div>\n\t\t<\/section>\n\t\t\t\t<section class=\"elementor-section elementor-top-section elementor-element elementor-element-16182d3 elementor-section-boxed elementor-section-height-default elementor-section-height-default\" data-id=\"16182d3\" data-element_type=\"section\">\n\t\t\t\t\t\t<div class=\"elementor-container elementor-column-gap-default\">\n\t\t\t\t\t<div class=\"elementor-column elementor-col-100 elementor-top-column elementor-element elementor-element-4b00125 ot-flex-column-vertical\" data-id=\"4b00125\" data-element_type=\"column\">\n\t\t\t<div class=\"elementor-widget-wrap elementor-element-populated\">\n\t\t\t\t\t\t<div class=\"elementor-element elementor-element-8a9d3ba elementor-widget elementor-widget-spacer\" data-id=\"8a9d3ba\" data-element_type=\"widget\" data-widget_type=\"spacer.default\">\n\t\t\t\t<div class=\"elementor-widget-container\">\n\t\t\t\t\t\t\t<div class=\"elementor-spacer\">\n\t\t\t<div class=\"elementor-spacer-inner\"><\/div>\n\t\t<\/div>\n\t\t\t\t\t\t<\/div>\n\t\t\t\t<\/div>\n\t\t\t\t\t<\/div>\n\t\t<\/div>\n\t\t\t\t\t<\/div>\n\t\t<\/section>\n\t\t\t\t<section class=\"elementor-section elementor-top-section elementor-element elementor-element-cf59e60 elementor-section-boxed elementor-section-height-default elementor-section-height-default\" data-id=\"cf59e60\" data-element_type=\"section\">\n\t\t\t\t\t\t<div class=\"elementor-container elementor-column-gap-default\">\n\t\t\t\t\t<div class=\"elementor-column elementor-col-50 elementor-top-column elementor-element elementor-element-9bae4ba ot-flex-column-vertical\" data-id=\"9bae4ba\" data-element_type=\"column\">\n\t\t\t<div class=\"elementor-widget-wrap elementor-element-populated\">\n\t\t\t\t\t\t<div class=\"elementor-element elementor-element-a9aac3f elementor-view-framed elementor-shape-square elementor-position-top elementor-mobile-position-top elementor-widget elementor-widget-icon-box\" data-id=\"a9aac3f\" data-element_type=\"widget\" data-widget_type=\"icon-box.default\">\n\t\t\t\t<div class=\"elementor-widget-container\">\n\t\t\t\t\t\t\t<div class=\"elementor-icon-box-wrapper\">\n\n\t\t\t\t\t\t<div class=\"elementor-icon-box-icon\">\n\t\t\t\t<span  class=\"elementor-icon elementor-animation-\">\n\t\t\t\t<i aria-hidden=\"true\" class=\"fas fa-praying-hands\"><\/i>\t\t\t\t<\/span>\n\t\t\t<\/div>\n\t\t\t\n\t\t\t\n\t\t<\/div>\n\t\t\t\t\t\t<\/div>\n\t\t\t\t<\/div>\n\t\t\t\t\t<\/div>\n\t\t<\/div>\n\t\t\t\t<div class=\"elementor-column elementor-col-50 elementor-top-column elementor-element elementor-element-ec83877 ot-flex-column-vertical\" data-id=\"ec83877\" data-element_type=\"column\">\n\t\t\t<div class=\"elementor-widget-wrap elementor-element-populated\">\n\t\t\t\t\t\t<div class=\"elementor-element elementor-element-639e6e7 elementor-widget elementor-widget-text-editor\" data-id=\"639e6e7\" data-element_type=\"widget\" data-widget_type=\"text-editor.default\">\n\t\t\t\t<div class=\"elementor-widget-container\">\n\t\t\t\t\t\t\t\t\t<h1 style=\"text-align: center;\">\u00abTu vivienda en las mejores manos\u00bb<\/h1>\t\t\t\t\t\t\t\t<\/div>\n\t\t\t\t<\/div>\n\t\t\t\t\t<\/div>\n\t\t<\/div>\n\t\t\t\t\t<\/div>\n\t\t<\/section>\n\t\t\t\t<\/div>\n\t\t","protected":false},"excerpt":{"rendered":"<p>Residencial \u201cNUESTRO OBJETIVO: VENDER AL MAYOR PRECIO, EN EL MENOR TIEMPO POSIBLE\u201d. MAISON WEST ofrece a sus clientes un servicio de intermediaci\u00f3n inmobiliaria, especializado en la compraventa y arrendamiento de inmuebles ubicados en los distritos m\u00e1s representativos de Madrid. Valoraci\u00f3n de su vivienda. Dise\u00f1o y estrat\u00e9gica de marketing a medida del cliente. Asesor\u00eda jur\u00eddica y [&hellip;]<\/p>\n","protected":false},"author":1,"featured_media":5791,"parent":0,"menu_order":0,"comment_status":"closed","ping_status":"closed","template":"","meta":{"footnotes":""},"class_list":["post-5649","page","type-page","status-publish","has-post-thumbnail","hentry"],"_links":{"self":[{"href":"https:\/\/maisonwest.es\/index.php\/wp-json\/wp\/v2\/pages\/5649","targetHints":{"allow":["GET"]}}],"collection":[{"href":"https:\/\/maisonwest.es\/index.php\/wp-json\/wp\/v2\/pages"}],"about":[{"href":"https:\/\/maisonwest.es\/index.php\/wp-json\/wp\/v2\/types\/page"}],"author":[{"embeddable":true,"href":"https:\/\/maisonwest.es\/index.php\/wp-json\/wp\/v2\/users\/1"}],"replies":[{"embeddable":true,"href":"https:\/\/maisonwest.es\/index.php\/wp-json\/wp\/v2\/comments?post=5649"}],"version-history":[{"count":39,"href":"https:\/\/maisonwest.es\/index.php\/wp-json\/wp\/v2\/pages\/5649\/revisions"}],"predecessor-version":[{"id":5971,"href":"https:\/\/maisonwest.es\/index.php\/wp-json\/wp\/v2\/pages\/5649\/revisions\/5971"}],"wp:featuredmedia":[{"embeddable":true,"href":"https:\/\/maisonwest.es\/index.php\/wp-json\/wp\/v2\/media\/5791"}],"wp:attachment":[{"href":"https:\/\/maisonwest.es\/index.php\/wp-json\/wp\/v2\/media?parent=5649"}],"curies":[{"name":"wp","href":"https:\/\/api.w.org\/{rel}","templated":true}]}}