{"id":5954,"date":"2021-11-10T18:53:23","date_gmt":"2021-11-10T18:53:23","guid":{"rendered":"https:\/\/maisonwest.es\/tcwp\/?page_id=5954"},"modified":"2021-11-10T18:55:55","modified_gmt":"2021-11-10T18:55:55","slug":"solicitudes","status":"publish","type":"page","link":"https:\/\/maisonwest.es\/index.php\/solicitudes\/","title":{"rendered":"Solicitudes"},"content":{"rendered":"\t\t<div data-elementor-type=\"wp-page\" data-elementor-id=\"5954\" class=\"elementor elementor-5954\">\n\t\t\t\t\t\t<section class=\"elementor-section elementor-top-section elementor-element elementor-element-47942f5 elementor-section-boxed elementor-section-height-default elementor-section-height-default\" data-id=\"47942f5\" data-element_type=\"section\">\n\t\t\t\t\t\t<div class=\"elementor-container elementor-column-gap-default\">\n\t\t\t\t\t<div class=\"elementor-column elementor-col-100 elementor-top-column elementor-element elementor-element-acf41cd ot-flex-column-vertical\" data-id=\"acf41cd\" data-element_type=\"column\">\n\t\t\t<div class=\"elementor-widget-wrap elementor-element-populated\">\n\t\t\t\t\t\t<div class=\"elementor-element elementor-element-0f2de5c elementor-widget elementor-widget-spacer\" data-id=\"0f2de5c\" data-element_type=\"widget\" data-widget_type=\"spacer.default\">\n\t\t\t\t<div class=\"elementor-widget-container\">\n\t\t\t\t\t\t\t<div class=\"elementor-spacer\">\n\t\t\t<div class=\"elementor-spacer-inner\"><\/div>\n\t\t<\/div>\n\t\t\t\t\t\t<\/div>\n\t\t\t\t<\/div>\n\t\t\t\t\t<\/div>\n\t\t<\/div>\n\t\t\t\t\t<\/div>\n\t\t<\/section>\n\t\t\t\t<section class=\"elementor-section elementor-top-section elementor-element elementor-element-1c3cff7 elementor-section-boxed elementor-section-height-default elementor-section-height-default\" data-id=\"1c3cff7\" data-element_type=\"section\">\n\t\t\t\t\t\t<div class=\"elementor-container elementor-column-gap-default\">\n\t\t\t\t\t<div class=\"elementor-column elementor-col-100 elementor-top-column elementor-element elementor-element-4f22b6b ot-flex-column-vertical\" data-id=\"4f22b6b\" data-element_type=\"column\">\n\t\t\t<div class=\"elementor-widget-wrap elementor-element-populated\">\n\t\t\t\t\t\t<div class=\"elementor-element elementor-element-79b1125 elementor-widget elementor-widget-text-editor\" data-id=\"79b1125\" data-element_type=\"widget\" data-widget_type=\"text-editor.default\">\n\t\t\t\t<div class=\"elementor-widget-container\">\n\t\t\t\t\t\t\t\t\t<div class=\"frm_forms  with_frm_style frm_style_estilos-formidable\" id=\"frm_form_2_container\" data-token=\"184c929e913cfb06d378684bb116ae4f\">\n<form enctype=\"multipart\/form-data\" method=\"post\" class=\"frm-show-form \" id=\"form_maisonsolicitudes\" data-token=\"184c929e913cfb06d378684bb116ae4f\">\n<div class=\"frm_form_fields \">\n<fieldset>\n<legend class=\"frm_screen_reader\">Solicitud<\/legend>\r\n\r\n<div class=\"frm_fields_container\">\n<input type=\"hidden\" name=\"frm_action\" value=\"create\" \/>\n<input type=\"hidden\" name=\"form_id\" value=\"2\" \/>\n<input type=\"hidden\" name=\"frm_hide_fields_2\" id=\"frm_hide_fields_2\" value=\"\" \/>\n<input type=\"hidden\" name=\"form_key\" value=\"maisonsolicitudes\" \/>\n<input type=\"hidden\" name=\"item_meta[0]\" value=\"\" \/>\n<input type=\"hidden\" id=\"frm_submit_entry_2\" name=\"frm_submit_entry_2\" value=\"d9af1d4b53\" \/><input type=\"hidden\" name=\"_wp_http_referer\" value=\"\/index.php\/wp-json\/wp\/v2\/pages\/5954\" \/><div id=\"frm_field_6_container\" class=\"frm_form_field form-field  frm_top_container frm_half frm12 frm_first\">\r\n    <div  id=\"field_s86gj_label\" class=\"frm_primary_label\">Datos personales:\r\n        <span class=\"frm_required\" aria-hidden=\"true\"><\/span>\r\n    <\/div>\r\n    <fieldset aria-labelledby=\"field_s86gj_label\">\n\t<legend class=\"frm_screen_reader frm_hidden\">\n\t\tDatos personales:\t<\/legend>\n\n\t<div  class=\"frm_combo_inputs_container\" id=\"frm_combo_inputs_container_6\" data-name-layout=\"first_last\">\n\t\t\t\t\t<div\n\t\t\t\tid=\"frm_field_6-first_container\"\n\t\t\t\tclass=\"frm_form_field form-field frm_form_subfield-first  frm6\"\n\t\t\t\tdata-sub-field-name=\"first\"\n\t\t\t>\n\t\t\t\t<label for=\"field_s86gj_first\" class=\"frm_screen_reader frm_hidden\">\n\t\t\t\t\tNombres\t\t\t\t<\/label>\n\n\t\t\t\t<input  type=\"text\" id=\"field_s86gj_first\" value=\"\" name=\"item_meta[6][first]\" autocomplete=\"given-name\" data-invmsg=\"Datos personales: no es v\u00e1lido\" aria-invalid=\"false\"  \/><div class=\"frm_description\" id=\"frm_field_6_first_desc\">Nombres<\/div>\t\t\t<\/div>\n\t\t\t\t\t\t<div\n\t\t\t\tid=\"frm_field_6-last_container\"\n\t\t\t\tclass=\"frm_form_field form-field frm_form_subfield-last  frm6\"\n\t\t\t\tdata-sub-field-name=\"last\"\n\t\t\t>\n\t\t\t\t<label for=\"field_s86gj_last\" class=\"frm_screen_reader frm_hidden\">\n\t\t\t\t\tApellidos\t\t\t\t<\/label>\n\n\t\t\t\t<input  type=\"text\" id=\"field_s86gj_last\" value=\"\" name=\"item_meta[6][last]\" autocomplete=\"family-name\" data-invmsg=\"Datos personales: no es v\u00e1lido\" aria-invalid=\"false\"  \/><div class=\"frm_description\" id=\"frm_field_6_last_desc\">Apellidos<\/div>\t\t\t<\/div>\n\t\t\t\t<\/div>\n<\/fieldset>\n\r\n    \r\n    \r\n<\/div>\n<div id=\"frm_field_7_container\" class=\"frm_form_field form-field  frm_top_container frm12 frm_first frm_half\">\r\n    <label for=\"field_cq13\" id=\"field_cq13_label\" class=\"frm_primary_label\">Tel\u00e9fono\r\n        <span class=\"frm_required\" aria-hidden=\"true\"><\/span>\r\n    <\/label>\r\n    <input type=\"tel\" id=\"field_cq13\" name=\"item_meta[7]\" value=\"\"  data-invmsg=\"Tel\u00e9fono no es v\u00e1lido\" aria-invalid=\"false\" pattern=\"((\\+\\d{1,3}(-|.| )?\\(?\\d\\)?(-| |.)?\\d{1,5})|(\\(?\\d{2,6}\\)?))(-|.| )?(\\d{3,4})(-|.| )?(\\d{4})(( x| ext)\\d{1,5}){0,1}$\"  \/>\r\n    \r\n    \r\n<\/div>\n<div id=\"frm_field_8_container\" class=\"frm_form_field form-field  frm_top_container frm12 frm_first frm_half frm_half frm_half frm_half\">\r\n    <label for=\"field_c88lx\" id=\"field_c88lx_label\" class=\"frm_primary_label\">Correo electr\u00f3nico\r\n        <span class=\"frm_required\" aria-hidden=\"true\"><\/span>\r\n    <\/label>\r\n    <input type=\"email\" id=\"field_c88lx\" name=\"item_meta[8]\" value=\"\"  data-invmsg=\"Correo electr\u00f3nico no es v\u00e1lido\" aria-invalid=\"false\"  \/>\r\n    \r\n    \r\n<\/div>\n<div id=\"frm_field_9_container\" class=\"frm_form_field form-field  frm_top_container frm_half frm12 frm_first\">\r\n    <label for=\"field_u8jdt\" id=\"field_u8jdt_label\" class=\"frm_primary_label\">Tipo de inversor:\r\n        <span class=\"frm_required\" aria-hidden=\"true\"><\/span>\r\n    <\/label>\r\n    \t\t<select name=\"item_meta[9]\" id=\"field_u8jdt\"  data-invmsg=\"Tipo de inversor: no es v\u00e1lido\" aria-invalid=\"false\"  >\n\t\t<option  value=\"Alto\">Alto<\/option><option  value=\"Medio\">Medio<\/option><option  value=\"Bajo\">Bajo<\/option>\t<\/select>\n\t\r\n    \r\n    \r\n<\/div>\n<div id=\"frm_field_12_container\" class=\"frm_form_field form-field  frm_top_container frm_two_thirds frm_half frm_half frm_half frm_half frm_half frm_half frm_half frm_three_fourths frm_third frm_half frm_third frm12 frm6 frm_first vertical_radio\">\r\n    <div  id=\"field_609k5_label\" class=\"frm_primary_label\">Tipolog\u00edas en qu\u00e9 est\u00e1s interesado  (puedes elegir varias opciones)\r\n        <span class=\"frm_required\" aria-hidden=\"true\"><\/span>\r\n    <\/div>\r\n    <div class=\"frm_opt_container\" aria-labelledby=\"field_609k5_label\" role=\"radiogroup\">\t\t<div class=\"frm_radio\" id=\"frm_radio_12-0\">\t\t\t<label  for=\"field_609k5-0\">\n\t\t\t\t\t<input type=\"radio\" name=\"item_meta[12]\" id=\"field_609k5-0\" value=\"Vivienda\"\n\t\t data-invmsg=\"Tipolog\u00edas en qu\u00e9 est\u00e1s interesado  (puedes elegir varias opciones) no es v\u00e1lido\"   \/> Vivienda<\/label><\/div>\n\t\t<div class=\"frm_radio\" id=\"frm_radio_12-1\">\t\t\t<label  for=\"field_609k5-1\">\n\t\t\t\t\t<input type=\"radio\" name=\"item_meta[12]\" id=\"field_609k5-1\" value=\"Edificio\"\n\t\t data-invmsg=\"Tipolog\u00edas en qu\u00e9 est\u00e1s interesado  (puedes elegir varias opciones) no es v\u00e1lido\"   \/> Edificio<\/label><\/div>\n\t\t<div class=\"frm_radio\" id=\"frm_radio_12-2\">\t\t\t<label  for=\"field_609k5-2\">\n\t\t\t\t\t<input type=\"radio\" name=\"item_meta[12]\" id=\"field_609k5-2\" value=\"Local\"\n\t\t data-invmsg=\"Tipolog\u00edas en qu\u00e9 est\u00e1s interesado  (puedes elegir varias opciones) no es v\u00e1lido\"   \/> Local<\/label><\/div>\n\t\t<div class=\"frm_radio\" id=\"frm_radio_12-3\">\t\t\t<label  for=\"field_609k5-3\">\n\t\t\t\t\t<input type=\"radio\" name=\"item_meta[12]\" id=\"field_609k5-3\" value=\"Oficina\"\n\t\t data-invmsg=\"Tipolog\u00edas en qu\u00e9 est\u00e1s interesado  (puedes elegir varias opciones) no es v\u00e1lido\"   \/> Oficina<\/label><\/div>\n\t\t<div class=\"frm_radio\" id=\"frm_radio_12-4\">\t\t\t<label  for=\"field_609k5-4\">\n\t\t\t\t\t<input type=\"radio\" name=\"item_meta[12]\" id=\"field_609k5-4\" value=\"Estructura\"\n\t\t data-invmsg=\"Tipolog\u00edas en qu\u00e9 est\u00e1s interesado  (puedes elegir varias opciones) no es v\u00e1lido\"   \/> Estructura<\/label><\/div>\n\t\t<div class=\"frm_radio\" id=\"frm_radio_12-5\">\t\t\t<label  for=\"field_609k5-5\">\n\t\t\t\t\t<input type=\"radio\" name=\"item_meta[12]\" id=\"field_609k5-5\" value=\"Activos en rentabilidad\"\n\t\t data-invmsg=\"Tipolog\u00edas en qu\u00e9 est\u00e1s interesado  (puedes elegir varias opciones) no es v\u00e1lido\"   \/> Activos en rentabilidad<\/label><\/div>\n\t\t<div class=\"frm_radio\" id=\"frm_radio_12-6\">\t\t\t<label  for=\"field_609k5-6\">\n\t\t\t\t\t<input type=\"radio\" name=\"item_meta[12]\" id=\"field_609k5-6\" value=\"Nave\"\n\t\t data-invmsg=\"Tipolog\u00edas en qu\u00e9 est\u00e1s interesado  (puedes elegir varias opciones) no es v\u00e1lido\"   \/> Nave<\/label><\/div>\n\t\t<div class=\"frm_radio\" id=\"frm_radio_12-7\">\t\t\t<label  for=\"field_609k5-7\">\n\t\t\t\t\t<input type=\"radio\" name=\"item_meta[12]\" id=\"field_609k5-7\" value=\"Suelo\"\n\t\t data-invmsg=\"Tipolog\u00edas en qu\u00e9 est\u00e1s interesado  (puedes elegir varias opciones) no es v\u00e1lido\"   \/> Suelo<\/label><\/div>\n\t\t<div class=\"frm_radio\" id=\"frm_radio_12-8\">\t\t\t<label  for=\"field_609k5-8\">\n\t\t\t\t\t<input type=\"radio\" name=\"item_meta[12]\" id=\"field_609k5-8\" value=\"Otros\"\n\t\t data-invmsg=\"Tipolog\u00edas en qu\u00e9 est\u00e1s interesado  (puedes elegir varias opciones) no es v\u00e1lido\"   \/> Otros<\/label><\/div>\n<\/div>\r\n    \r\n    \r\n<\/div>\n<div id=\"frm_field_15_container\" class=\"frm_form_field form-field  frm_top_container frm12  frm12 frm_first frm_half\">\r\n    <label for=\"field_5mlzl\" id=\"field_5mlzl_label\" class=\"frm_primary_label\">\u00bfCu\u00e1nto quieres invertir?\r\n        <span class=\"frm_required\" aria-hidden=\"true\"><\/span>\r\n    <\/label>\r\n    <input type=\"text\" id=\"field_5mlzl\" name=\"item_meta[15]\" value=\"\"  data-invmsg=\"Texto no es v\u00e1lido\" aria-invalid=\"false\"  \/>\r\n    \r\n    \r\n<\/div>\n<div id=\"frm_field_18_container\" class=\"frm_form_field form-field  frm_top_container frm12 frm_first frm_half\">\r\n    <label for=\"field_9qi0r\" id=\"field_9qi0r_label\" class=\"frm_primary_label\">1ra Zona Preferente:\r\n        <span class=\"frm_required\" aria-hidden=\"true\"><\/span>\r\n    <\/label>\r\n    \t\t<select name=\"item_meta[18]\" id=\"field_9qi0r\"  data-invmsg=\"1ra Zona Preferente: no es v\u00e1lido\" aria-invalid=\"false\"  >\n\t\t<option  value=\"Centro\">Centro<\/option><option  value=\"Arganzuela\">Arganzuela<\/option><option  value=\"Retiro\">Retiro<\/option><option  value=\"Salamanca\">Salamanca<\/option><option  value=\"Chamart\u00edn\">Chamart\u00edn<\/option><option  value=\"Tetu\u00e1n\">Tetu\u00e1n<\/option><option  value=\"Chamber\u00ed\">Chamber\u00ed<\/option><option  value=\"Fuencarral-El Pardo\">Fuencarral-El Pardo<\/option><option  value=\"Moncloa\">Moncloa<\/option><option  value=\"Latina\">Latina<\/option><option  value=\"Carabanchel\">Carabanchel<\/option><option  value=\"Usera\">Usera<\/option><option  value=\"Puente de Vallecas\">Puente de Vallecas<\/option><option  value=\"Moratalaz\">Moratalaz<\/option><option  value=\"Ciudad Lineal\">Ciudad Lineal<\/option><option  value=\"Hortaleza\">Hortaleza<\/option><option  value=\"Villaverde\">Villaverde<\/option><option  value=\"Villa de Vallecas\">Villa de Vallecas<\/option><option  value=\"Vic\u00e1lvaro\">Vic\u00e1lvaro<\/option><option  value=\"San Blas\">San Blas<\/option><option  value=\"Barajas\">Barajas<\/option>\t<\/select>\n\t\r\n    \r\n    \r\n<\/div>\n<div id=\"frm_field_21_container\" class=\"frm_form_field form-field  frm_top_container frm12 frm_first frm_half\">\r\n    <label for=\"field_lffi4\" id=\"field_lffi4_label\" class=\"frm_primary_label\">2da Zona Preferente:\r\n        <span class=\"frm_required\" aria-hidden=\"true\"><\/span>\r\n    <\/label>\r\n    \t\t<select name=\"item_meta[21]\" id=\"field_lffi4\"  data-invmsg=\"2da Zona Preferente: no es v\u00e1lido\" aria-invalid=\"false\"  >\n\t\t<option  value=\"Centro\">Centro<\/option><option  value=\"Arganzuela\">Arganzuela<\/option><option  value=\"Retiro\">Retiro<\/option><option  value=\"Salamanca\">Salamanca<\/option><option  value=\"Chamart\u00edn\">Chamart\u00edn<\/option><option  value=\"Tetu\u00e1n\">Tetu\u00e1n<\/option><option  value=\"Chamber\u00ed\">Chamber\u00ed<\/option><option  value=\"Fuencarral-El Pardo\">Fuencarral-El Pardo<\/option><option  value=\"Moncloa\">Moncloa<\/option><option  value=\"Latina\">Latina<\/option><option  value=\"Carabanchel\">Carabanchel<\/option><option  value=\"Usera\">Usera<\/option><option  value=\"Puente de Vallecas\">Puente de Vallecas<\/option><option  value=\"Moratalaz\">Moratalaz<\/option><option  value=\"Ciudad Lineal\">Ciudad Lineal<\/option><option  value=\"Hortaleza\">Hortaleza<\/option><option  value=\"Villaverde\">Villaverde<\/option><option  value=\"Villa de Vallecas\">Villa de Vallecas<\/option><option  value=\"Vic\u00e1lvaro\">Vic\u00e1lvaro<\/option><option  value=\"San Blas\">San Blas<\/option><option  value=\"Barajas\">Barajas<\/option>\t<\/select>\n\t\r\n    \r\n    \r\n<\/div>\n<div id=\"frm_field_22_container\" class=\"frm_form_field form-field  frm_top_container frm12 frm_first frm_half\">\r\n    <label for=\"field_p9v27\" id=\"field_p9v27_label\" class=\"frm_primary_label\">3ra Zona Preferente:\r\n        <span class=\"frm_required\" aria-hidden=\"true\"><\/span>\r\n    <\/label>\r\n    \t\t<select name=\"item_meta[22]\" id=\"field_p9v27\"  data-invmsg=\"3ra Zona Preferente: no es v\u00e1lido\" aria-invalid=\"false\"  >\n\t\t<option  value=\"Centro\">Centro<\/option><option  value=\"Arganzuela\">Arganzuela<\/option><option  value=\"Retiro\">Retiro<\/option><option  value=\"Salamanca\">Salamanca<\/option><option  value=\"Chamart\u00edn\">Chamart\u00edn<\/option><option  value=\"Tetu\u00e1n\">Tetu\u00e1n<\/option><option  value=\"Chamber\u00ed\">Chamber\u00ed<\/option><option  value=\"Fuencarral-El Pardo\">Fuencarral-El Pardo<\/option><option  value=\"Moncloa\">Moncloa<\/option><option  value=\"Latina\">Latina<\/option><option  value=\"Carabanchel\">Carabanchel<\/option><option  value=\"Usera\">Usera<\/option><option  value=\"Puente de Vallecas\">Puente de Vallecas<\/option><option  value=\"Moratalaz\">Moratalaz<\/option><option  value=\"Ciudad Lineal\">Ciudad Lineal<\/option><option  value=\"Hortaleza\">Hortaleza<\/option><option  value=\"Villaverde\">Villaverde<\/option><option  value=\"Villa de Vallecas\">Villa de Vallecas<\/option><option  value=\"Vic\u00e1lvaro\">Vic\u00e1lvaro<\/option><option  value=\"San Blas\">San Blas<\/option><option  value=\"Barajas\">Barajas<\/option>\t<\/select>\n\t\r\n    \r\n    \r\n<\/div>\n<div id=\"frm_field_16_container\" class=\"frm_form_field form-field  frm_required_field frm_top_container frm_half frm_half frm_half frm_half frm12 frm_first vertical_radio\">\r\n    <div  id=\"field_tpcab_label\" class=\"frm_primary_label\">He le\u00eddo y acepto las condiciones legales y la pol\u00edtica de privacidad.\r\n        <span class=\"frm_required\" aria-hidden=\"true\">*<\/span>\r\n    <\/div>\r\n    <div class=\"frm_opt_container\" aria-labelledby=\"field_tpcab_label\" role=\"radiogroup\" aria-required=\"true\">\t\t<div class=\"frm_radio\" id=\"frm_radio_16-0\">\t\t\t<label  for=\"field_tpcab-0\">\n\t\t\t\t\t<input type=\"radio\" name=\"item_meta[16]\" id=\"field_tpcab-0\" value=\"\"\n\t\t data-reqmsg=\"Este campo no puede estar en blanco.\" data-invmsg=\"He le\u00eddo y acepto las condiciones legales y la pol\u00edtica de privacidad. no es v\u00e1lido\"  checked=\"checked\" \/> <\/label><\/div>\n<\/div>\r\n    \r\n    \r\n<\/div>\n<div id=\"frm_field_17_container\" class=\"frm_form_field form-field  frm_required_field frm_top_container frm_half frm12 frm_first vertical_radio\">\r\n    <div  id=\"field_qfewe_label\" class=\"frm_primary_label\">Deseo recibir comunicaciones comerciales de servicios relacionados.\r\n        <span class=\"frm_required\" aria-hidden=\"true\">*<\/span>\r\n    <\/div>\r\n    <div class=\"frm_opt_container\" aria-labelledby=\"field_qfewe_label\" role=\"radiogroup\" aria-required=\"true\">\t\t<div class=\"frm_radio\" id=\"frm_radio_17-0\">\t\t\t<label  for=\"field_qfewe-0\">\n\t\t\t\t\t<input type=\"radio\" name=\"item_meta[17]\" id=\"field_qfewe-0\" value=\"\"\n\t\t data-reqmsg=\"Este campo no puede estar en blanco.\" data-invmsg=\"Deseo recibir comunicaciones comerciales de servicios relacionados. no es v\u00e1lido\"  checked=\"checked\" \/> <\/label><\/div>\n<\/div>\r\n    \r\n    \r\n<\/div>\n\t<input type=\"hidden\" name=\"item_key\" value=\"\" \/>\n\t\t\t<div id=\"frm_field_42_container\">\n\t\t\t<label for=\"field_1d9dj\" >\n\t\t\t\tSi eres humano, deja este campo en blanco.\t\t\t<\/label>\n\t\t\t<input  id=\"field_1d9dj\" type=\"text\" class=\"frm_form_field form-field frm_verify\" name=\"item_meta[42]\" value=\"\"  \/>\n\t\t<\/div>\n\t\t<input name=\"frm_state\" type=\"hidden\" value=\"+ggtiOS5hAEweeUstCfIv9UikeglRu8oqbYXcn8\/7vY=\" \/><div class=\"frm_submit\">\r\n\r\n<button class=\"frm_button_submit\" type=\"submit\"  >Enviar<\/button>\r\n\r\n<\/div><\/div>\n<\/fieldset>\n<\/div>\n\n<\/form>\n<\/div>\n\t\t\t\t\t\t\t\t<\/div>\n\t\t\t\t<\/div>\n\t\t\t\t\t<\/div>\n\t\t<\/div>\n\t\t\t\t\t<\/div>\n\t\t<\/section>\n\t\t\t\t<\/div>\n\t\t","protected":false},"excerpt":{"rendered":"","protected":false},"author":1,"featured_media":0,"parent":0,"menu_order":0,"comment_status":"closed","ping_status":"closed","template":"","meta":{"footnotes":""},"class_list":["post-5954","page","type-page","status-publish","hentry"],"_links":{"self":[{"href":"https:\/\/maisonwest.es\/index.php\/wp-json\/wp\/v2\/pages\/5954","targetHints":{"allow":["GET"]}}],"collection":[{"href":"https:\/\/maisonwest.es\/index.php\/wp-json\/wp\/v2\/pages"}],"about":[{"href":"https:\/\/maisonwest.es\/index.php\/wp-json\/wp\/v2\/types\/page"}],"author":[{"embeddable":true,"href":"https:\/\/maisonwest.es\/index.php\/wp-json\/wp\/v2\/users\/1"}],"replies":[{"embeddable":true,"href":"https:\/\/maisonwest.es\/index.php\/wp-json\/wp\/v2\/comments?post=5954"}],"version-history":[{"count":4,"href":"https:\/\/maisonwest.es\/index.php\/wp-json\/wp\/v2\/pages\/5954\/revisions"}],"predecessor-version":[{"id":5959,"href":"https:\/\/maisonwest.es\/index.php\/wp-json\/wp\/v2\/pages\/5954\/revisions\/5959"}],"wp:attachment":[{"href":"https:\/\/maisonwest.es\/index.php\/wp-json\/wp\/v2\/media?parent=5954"}],"curies":[{"name":"wp","href":"https:\/\/api.w.org\/{rel}","templated":true}]}}